{"id":9,"date":"2023-10-13T15:36:23","date_gmt":"2023-10-13T13:36:23","guid":{"rendered":"http:\/\/zoom-la-londe.fr\/?page_id=9"},"modified":"2024-06-03T19:36:44","modified_gmt":"2024-06-03T17:36:44","slug":"le-zoom","status":"publish","type":"page","link":"https:\/\/zoom-la-londe.fr\/index.php\/le-zoom\/","title":{"rendered":"Le Zoom"},"content":{"rendered":"\t\t<div data-elementor-type=\"wp-page\" data-elementor-id=\"9\" class=\"elementor elementor-9\" data-elementor-post-type=\"page\">\n\t\t\t\t<div class=\"elementor-element elementor-element-e434943 e-flex e-con-boxed e-con e-parent\" data-id=\"e434943\" data-element_type=\"container\" data-e-type=\"container\" data-settings=\"{&quot;background_background&quot;:&quot;classic&quot;}\">\n\t\t\t\t\t<div class=\"e-con-inner\">\n\t\t<div class=\"elementor-element elementor-element-791357a e-con-full e-flex e-con e-child\" data-id=\"791357a\" data-element_type=\"container\" data-e-type=\"container\">\n\t\t\t\t<div class=\"elementor-element elementor-element-e8d16e2 elementor-widget elementor-widget-heading\" data-id=\"e8d16e2\" data-element_type=\"widget\" data-e-type=\"widget\" data-widget_type=\"heading.default\">\n\t\t\t\t\t<h1 class=\"elementor-heading-title elementor-size-default\">Le Zoom<\/h1>\t\t\t\t<\/div>\n\t\t\t\t<div class=\"elementor-element elementor-element-e56a8ba elementor-widget elementor-widget-heading\" data-id=\"e56a8ba\" data-element_type=\"widget\" data-e-type=\"widget\" data-widget_type=\"heading.default\">\n\t\t\t\t\t<h3 class=\"elementor-heading-title elementor-size-default\">Le Zoom 2024 est sorti. Vous \u00eates ici sur le nouveau site du Zoom  pour lequel .nous avons favoris\u00e9 le cot\u00e9 pratique et la meilleure visibilit\u00e9 possible. Vous pouvez sur ce site, visionner la brochure dans son int\u00e9gralit\u00e9 ou la t\u00e9l\u00e9charger sur votre ordinateur ou votre t\u00e9l\u00e9phone portable. <\/h3>\t\t\t\t<\/div>\n\t\t\t\t<div class=\"elementor-element elementor-element-0ecb301 elementor-widget elementor-widget-image\" data-id=\"0ecb301\" data-element_type=\"widget\" data-e-type=\"widget\" data-widget_type=\"image.default\">\n\t\t\t\t\t\t\t\t\t\t\t\t\t\t\t<img fetchpriority=\"high\" decoding=\"async\" width=\"800\" height=\"202\" src=\"https:\/\/zoom-la-londe.fr\/wp-content\/uploads\/2023\/11\/2017_Chateau_Sainte_Marguerite_web2-scaled-e1699383725346-1024x259.jpg\" class=\"attachment-large size-large wp-image-44\" alt=\"\" srcset=\"https:\/\/zoom-la-londe.fr\/wp-content\/uploads\/2023\/11\/2017_Chateau_Sainte_Marguerite_web2-scaled-e1699383725346-1024x259.jpg 1024w, https:\/\/zoom-la-londe.fr\/wp-content\/uploads\/2023\/11\/2017_Chateau_Sainte_Marguerite_web2-scaled-e1699383725346-300x76.jpg 300w, https:\/\/zoom-la-londe.fr\/wp-content\/uploads\/2023\/11\/2017_Chateau_Sainte_Marguerite_web2-scaled-e1699383725346-768x194.jpg 768w, https:\/\/zoom-la-londe.fr\/wp-content\/uploads\/2023\/11\/2017_Chateau_Sainte_Marguerite_web2-scaled-e1699383725346-1536x389.jpg 1536w, https:\/\/zoom-la-londe.fr\/wp-content\/uploads\/2023\/11\/2017_Chateau_Sainte_Marguerite_web2-scaled-e1699383725346-2048x518.jpg 2048w\" sizes=\"(max-width: 800px) 100vw, 800px\" \/>\t\t\t\t\t\t\t\t\t\t\t\t\t\t\t<\/div>\n\t\t\t\t<div class=\"elementor-element elementor-element-56723c8 elementor-widget elementor-widget-heading\" data-id=\"56723c8\" data-element_type=\"widget\" data-e-type=\"widget\" data-widget_type=\"heading.default\">\n\t\t\t\t\t<h3 class=\"elementor-heading-title elementor-size-default\">Nous sommes tr\u00e8s pr\u00e9sents sur Facebook sur lequel \u00e0 l'aide de nos pages ,nous relayons les publications des annonceurs de la brochure et les informations importantes \u00e9manant de soci\u00e9t\u00e9s ou de collectivit\u00e9s publiques. Tous ces moyens de communication assurent aux partenaires du Zoom une excellente visibilit\u00e9 et contribuent sans nul doute \u00e0 l'essor de leurs activit\u00e9s. La  distribution de la brochure papier  reste bien s\u00fbr l'\u00e9l\u00e9ment    principal et incontournable de la communication de nos clients. <\/h3>\t\t\t\t<\/div>\n\t\t\t\t<\/div>\n\t\t<div class=\"elementor-element elementor-element-bbce8e5 e-con-full e-flex e-con e-child\" data-id=\"bbce8e5\" data-element_type=\"container\" data-e-type=\"container\">\n\t\t\t\t<div class=\"elementor-element elementor-element-ab63ae7 elementor-widget elementor-widget-image\" data-id=\"ab63ae7\" data-element_type=\"widget\" data-e-type=\"widget\" data-widget_type=\"image.default\">\n\t\t\t\t\t\t\t\t\t\t\t\t\t\t\t\t<a href=\"http:\/\/zoom-la-londe.fr\/wp-content\/uploads\/2024\/06\/ZOOM-LA-LONDE-2024_web_compressed_compressed.pdf\">\n\t\t\t\t\t\t\t<img decoding=\"async\" src=\"https:\/\/zoom-la-londe.fr\/wp-content\/uploads\/2023\/11\/Capture-decran-2024-06-03-a-19.30.11.png\" title=\"Capture d\u2019\u00e9cran 2024-06-03 \u00e0 19.30.11\" alt=\"Capture d\u2019\u00e9cran 2024-06-03 \u00e0 19.30.11\" loading=\"lazy\" \/>\t\t\t\t\t\t\t\t<\/a>\n\t\t\t\t\t\t\t\t\t\t\t\t\t\t\t<\/div>\n\t\t\t\t<div class=\"elementor-element elementor-element-9fe6802 elementor-align-center elementor-widget elementor-widget-button\" data-id=\"9fe6802\" data-element_type=\"widget\" data-e-type=\"widget\" data-widget_type=\"button.default\">\n\t\t\t\t\t\t\t\t\t\t<a class=\"elementor-button elementor-button-link elementor-size-sm\" href=\"http:\/\/zoom-la-londe.fr\/wp-content\/uploads\/2024\/06\/ZOOM-LA-LONDE-2024_web_compressed_compressed.pdf\">\n\t\t\t\t\t\t<span class=\"elementor-button-content-wrapper\">\n\t\t\t\t\t\t\t\t\t<span class=\"elementor-button-text\">Je t\u00e9l\u00e9charge le Zoom<\/span>\n\t\t\t\t\t<\/span>\n\t\t\t\t\t<\/a>\n\t\t\t\t\t\t\t\t<\/div>\n\t\t\t\t<\/div>\n\t\t\t\t\t<\/div>\n\t\t\t\t<\/div>\n\t\t<div class=\"elementor-element elementor-element-53fe034 e-flex e-con-boxed e-con e-parent\" data-id=\"53fe034\" data-element_type=\"container\" data-e-type=\"container\">\n\t\t\t\t\t<div class=\"e-con-inner\">\n\t\t\t\t<div class=\"elementor-element elementor-element-d368f4e elementor-widget elementor-widget-heading\" data-id=\"d368f4e\" data-element_type=\"widget\" data-e-type=\"widget\" data-widget_type=\"heading.default\">\n\t\t\t\t\t<h3 class=\"elementor-heading-title elementor-size-default\">La Londe Les Maures<\/h3>\t\t\t\t<\/div>\n\t\t\t\t<div class=\"elementor-element elementor-element-84d1c80 elementor-widget-divider--view-line elementor-widget elementor-widget-divider\" data-id=\"84d1c80\" data-element_type=\"widget\" data-e-type=\"widget\" data-widget_type=\"divider.default\">\n\t\t\t\t\t\t\t<div class=\"elementor-divider\">\n\t\t\t<span class=\"elementor-divider-separator\">\n\t\t\t\t\t\t<\/span>\n\t\t<\/div>\n\t\t\t\t\t\t<\/div>\n\t\t\t\t\t<\/div>\n\t\t\t\t<\/div>\n\t\t<div class=\"elementor-element elementor-element-b75d24c e-flex e-con-boxed e-con e-parent\" data-id=\"b75d24c\" data-element_type=\"container\" data-e-type=\"container\">\n\t\t\t\t\t<div class=\"e-con-inner\">\n\t\t<div class=\"elementor-element elementor-element-72a2909 e-con-full e-flex e-con e-child\" data-id=\"72a2909\" data-element_type=\"container\" data-e-type=\"container\">\n\t\t\t\t<div class=\"elementor-element elementor-element-bd55134 elementor-widget elementor-widget-image\" data-id=\"bd55134\" data-element_type=\"widget\" data-e-type=\"widget\" data-widget_type=\"image.default\">\n\t\t\t\t\t\t\t\t\t\t\t\t\t\t\t<img decoding=\"async\" width=\"800\" height=\"534\" src=\"https:\/\/zoom-la-londe.fr\/wp-content\/uploads\/2023\/11\/Balade-velo_annamites@OTILaLonde-1024x683.jpg\" class=\"attachment-large size-large wp-image-45\" alt=\"\" srcset=\"https:\/\/zoom-la-londe.fr\/wp-content\/uploads\/2023\/11\/Balade-velo_annamites@OTILaLonde-1024x683.jpg 1024w, https:\/\/zoom-la-londe.fr\/wp-content\/uploads\/2023\/11\/Balade-velo_annamites@OTILaLonde-300x200.jpg 300w, https:\/\/zoom-la-londe.fr\/wp-content\/uploads\/2023\/11\/Balade-velo_annamites@OTILaLonde-768x512.jpg 768w, https:\/\/zoom-la-londe.fr\/wp-content\/uploads\/2023\/11\/Balade-velo_annamites@OTILaLonde-1536x1024.jpg 1536w, https:\/\/zoom-la-londe.fr\/wp-content\/uploads\/2023\/11\/Balade-velo_annamites@OTILaLonde-2048x1365.jpg 2048w\" sizes=\"(max-width: 800px) 100vw, 800px\" \/>\t\t\t\t\t\t\t\t\t\t\t\t\t\t\t<\/div>\n\t\t\t\t<\/div>\n\t\t<div class=\"elementor-element elementor-element-492d353 e-con-full e-flex e-con e-child\" data-id=\"492d353\" data-element_type=\"container\" data-e-type=\"container\">\n\t\t\t\t<div class=\"elementor-element elementor-element-b186190 elementor-widget elementor-widget-image\" data-id=\"b186190\" data-element_type=\"widget\" data-e-type=\"widget\" data-widget_type=\"image.default\">\n\t\t\t\t\t\t\t\t\t\t\t\t\t\t\t<img decoding=\"async\" width=\"800\" height=\"534\" src=\"https:\/\/zoom-la-londe.fr\/wp-content\/uploads\/2023\/11\/La-londe-plage-pellegrin@videodronetechnologie-1024x683.jpg\" class=\"attachment-large size-large wp-image-47\" alt=\"\" srcset=\"https:\/\/zoom-la-londe.fr\/wp-content\/uploads\/2023\/11\/La-londe-plage-pellegrin@videodronetechnologie-1024x683.jpg 1024w, https:\/\/zoom-la-londe.fr\/wp-content\/uploads\/2023\/11\/La-londe-plage-pellegrin@videodronetechnologie-300x200.jpg 300w, https:\/\/zoom-la-londe.fr\/wp-content\/uploads\/2023\/11\/La-londe-plage-pellegrin@videodronetechnologie-768x512.jpg 768w, https:\/\/zoom-la-londe.fr\/wp-content\/uploads\/2023\/11\/La-londe-plage-pellegrin@videodronetechnologie-1536x1024.jpg 1536w, https:\/\/zoom-la-londe.fr\/wp-content\/uploads\/2023\/11\/La-londe-plage-pellegrin@videodronetechnologie-2048x1365.jpg 2048w\" sizes=\"(max-width: 800px) 100vw, 800px\" \/>\t\t\t\t\t\t\t\t\t\t\t\t\t\t\t<\/div>\n\t\t\t\t<\/div>\n\t\t\t\t\t<\/div>\n\t\t\t\t<\/div>\n\t\t<div class=\"elementor-element elementor-element-edb8060 e-flex e-con-boxed e-con e-parent\" data-id=\"edb8060\" data-element_type=\"container\" data-e-type=\"container\" data-settings=\"{&quot;background_background&quot;:&quot;classic&quot;}\">\n\t\t\t\t\t<div class=\"e-con-inner\">\n\t\t<div class=\"elementor-element elementor-element-588da26 e-con-full e-flex e-con e-child\" data-id=\"588da26\" data-element_type=\"container\" data-e-type=\"container\">\n\t\t\t\t<div class=\"elementor-element elementor-element-609b22b elementor-widget elementor-widget-heading\" data-id=\"609b22b\" data-element_type=\"widget\" data-e-type=\"widget\" data-widget_type=\"heading.default\">\n\t\t\t\t\t<h1 class=\"elementor-heading-title elementor-size-default\">Vous souhaitez faire apparaitre<br>votre commerce dans le Zoom<br>l'ann\u00e9e prochaine ?<\/h1>\t\t\t\t<\/div>\n\t\t\t\t<div class=\"elementor-element elementor-element-929c3f7 elementor-widget-divider--view-line elementor-widget elementor-widget-divider\" data-id=\"929c3f7\" data-element_type=\"widget\" data-e-type=\"widget\" data-widget_type=\"divider.default\">\n\t\t\t\t\t\t\t<div class=\"elementor-divider\">\n\t\t\t<span class=\"elementor-divider-separator\">\n\t\t\t\t\t\t<\/span>\n\t\t<\/div>\n\t\t\t\t\t\t<\/div>\n\t\t\t\t<\/div>\n\t\t<div class=\"elementor-element elementor-element-c439e76 e-con-full e-flex e-con e-child\" data-id=\"c439e76\" data-element_type=\"container\" data-e-type=\"container\">\n\t\t\t\t<div class=\"elementor-element elementor-element-d8b674d elementor-button-align-stretch elementor-widget elementor-widget-form\" data-id=\"d8b674d\" data-element_type=\"widget\" data-e-type=\"widget\" data-settings=\"{&quot;step_next_label&quot;:&quot;Suivant&quot;,&quot;step_previous_label&quot;:&quot;Pr\\u00e9c\\u00e9dent&quot;,&quot;button_width&quot;:&quot;100&quot;,&quot;step_type&quot;:&quot;number_text&quot;,&quot;step_icon_shape&quot;:&quot;circle&quot;}\" data-widget_type=\"form.default\">\n\t\t\t\t\t\t\t<form class=\"elementor-form\" method=\"post\" name=\"Nouveau formulaire\">\n\t\t\t<input type=\"hidden\" name=\"post_id\" value=\"9\"\/>\n\t\t\t<input type=\"hidden\" name=\"form_id\" value=\"d8b674d\"\/>\n\t\t\t<input type=\"hidden\" name=\"referer_title\" value=\"Le Zoom - Zoom\" \/>\n\n\t\t\t\t\t\t\t<input type=\"hidden\" name=\"queried_id\" value=\"9\"\/>\n\t\t\t\n\t\t\t<div class=\"elementor-form-fields-wrapper elementor-labels-above\">\n\t\t\t\t\t\t\t\t<div class=\"elementor-field-type-text elementor-field-group elementor-column elementor-field-group-name elementor-col-100\">\n\t\t\t\t\t\t\t\t\t\t\t\t\t<input size=\"1\" type=\"text\" name=\"form_fields[name]\" id=\"form-field-name\" class=\"elementor-field elementor-size-sm  elementor-field-textual\" placeholder=\"Nom\">\n\t\t\t\t\t\t\t\t\t\t\t<\/div>\n\t\t\t\t\t\t\t\t<div class=\"elementor-field-type-email elementor-field-group elementor-column elementor-field-group-email elementor-col-100 elementor-field-required\">\n\t\t\t\t\t\t\t\t\t\t\t\t\t<input size=\"1\" type=\"email\" name=\"form_fields[email]\" id=\"form-field-email\" class=\"elementor-field elementor-size-sm  elementor-field-textual\" placeholder=\"E-mail\" required=\"required\">\n\t\t\t\t\t\t\t\t\t\t\t<\/div>\n\t\t\t\t\t\t\t\t<div class=\"elementor-field-type-textarea elementor-field-group elementor-column elementor-field-group-message elementor-col-100\">\n\t\t\t\t\t<textarea class=\"elementor-field-textual elementor-field  elementor-size-sm\" name=\"form_fields[message]\" id=\"form-field-message\" rows=\"4\" placeholder=\"Information du votre commerce\"><\/textarea>\t\t\t\t<\/div>\n\t\t\t\t\t\t\t\t<div class=\"elementor-field-group elementor-column elementor-field-type-submit elementor-col-100 e-form__buttons\">\n\t\t\t\t\t<button class=\"elementor-button elementor-size-sm\" type=\"submit\">\n\t\t\t\t\t\t<span class=\"elementor-button-content-wrapper\">\n\t\t\t\t\t\t\t\t\t\t\t\t\t\t\t\t\t\t\t\t\t\t<span class=\"elementor-button-text\">Envoyer<\/span>\n\t\t\t\t\t\t\t\t\t\t\t\t\t<\/span>\n\t\t\t\t\t<\/button>\n\t\t\t\t<\/div>\n\t\t\t<\/div>\n\t\t<\/form>\n\t\t\t\t\t\t<\/div>\n\t\t\t\t<\/div>\n\t\t\t\t\t<\/div>\n\t\t\t\t<\/div>\n\t\t<div class=\"elementor-element elementor-element-3ecf264 e-flex e-con-boxed e-con e-parent\" data-id=\"3ecf264\" data-element_type=\"container\" data-e-type=\"container\">\n\t\t\t\t\t<div class=\"e-con-inner\">\n\t\t\t\t<div class=\"elementor-element elementor-element-c650c18 elementor-widget elementor-widget-heading\" data-id=\"c650c18\" data-element_type=\"widget\" data-e-type=\"widget\" data-widget_type=\"heading.default\">\n\t\t\t\t\t<h3 class=\"elementor-heading-title elementor-size-default\">Je m'inscrit \u00e0 la newsletter pour recevoir notre brochure<\/h3>\t\t\t\t<\/div>\n\t\t\t\t<div class=\"elementor-element elementor-element-2fd7b70 elementor-button-align-stretch elementor-widget elementor-widget-form\" data-id=\"2fd7b70\" data-element_type=\"widget\" data-e-type=\"widget\" data-settings=\"{&quot;step_next_label&quot;:&quot;Suivant&quot;,&quot;step_previous_label&quot;:&quot;Pr\\u00e9c\\u00e9dent&quot;,&quot;button_width&quot;:&quot;100&quot;,&quot;step_type&quot;:&quot;number_text&quot;,&quot;step_icon_shape&quot;:&quot;circle&quot;}\" data-widget_type=\"form.default\">\n\t\t\t\t\t\t\t<form class=\"elementor-form\" method=\"post\" name=\"Nouveau formulaire\">\n\t\t\t<input type=\"hidden\" name=\"post_id\" value=\"9\"\/>\n\t\t\t<input type=\"hidden\" name=\"form_id\" value=\"2fd7b70\"\/>\n\t\t\t<input type=\"hidden\" name=\"referer_title\" value=\"Le Zoom - Zoom\" \/>\n\n\t\t\t\t\t\t\t<input type=\"hidden\" name=\"queried_id\" value=\"9\"\/>\n\t\t\t\n\t\t\t<div class=\"elementor-form-fields-wrapper elementor-labels-above\">\n\t\t\t\t\t\t\t\t<div class=\"elementor-field-type-email elementor-field-group elementor-column elementor-field-group-email elementor-col-100 elementor-field-required\">\n\t\t\t\t\t\t\t\t\t\t\t\t\t<input size=\"1\" type=\"email\" name=\"form_fields[email]\" id=\"form-field-email\" class=\"elementor-field elementor-size-sm  elementor-field-textual\" placeholder=\"E-mail\" required=\"required\">\n\t\t\t\t\t\t\t\t\t\t\t<\/div>\n\t\t\t\t\t\t\t\t<div class=\"elementor-field-group elementor-column elementor-field-type-submit elementor-col-100 e-form__buttons\">\n\t\t\t\t\t<button class=\"elementor-button elementor-size-sm\" type=\"submit\">\n\t\t\t\t\t\t<span class=\"elementor-button-content-wrapper\">\n\t\t\t\t\t\t\t\t\t\t\t\t\t\t\t\t\t\t\t\t\t\t<span class=\"elementor-button-text\">Envoyer<\/span>\n\t\t\t\t\t\t\t\t\t\t\t\t\t<\/span>\n\t\t\t\t\t<\/button>\n\t\t\t\t<\/div>\n\t\t\t<\/div>\n\t\t<\/form>\n\t\t\t\t\t\t<\/div>\n\t\t\t\t\t<\/div>\n\t\t\t\t<\/div>\n\t\t\t\t<\/div>\n\t\t","protected":false},"excerpt":{"rendered":"<p>Le Zoom Le Zoom 2024 est sorti. Vous \u00eates ici sur le nouveau site du Zoom pour lequel .nous avons favoris\u00e9 le cot\u00e9 pratique et la meilleure visibilit\u00e9 possible. Vous pouvez sur ce site, visionner la brochure dans son int\u00e9gralit\u00e9 ou la t\u00e9l\u00e9charger sur votre ordinateur ou votre t\u00e9l\u00e9phone portable. Nous sommes tr\u00e8s pr\u00e9sents sur [&hellip;]<\/p>\n","protected":false},"author":1,"featured_media":0,"parent":0,"menu_order":0,"comment_status":"closed","ping_status":"closed","template":"elementor_header_footer","meta":{"footnotes":""},"class_list":["post-9","page","type-page","status-publish","hentry"],"yoast_head":"<!-- This site is optimized with the Yoast SEO plugin v27.2 - https:\/\/yoast.com\/product\/yoast-seo-wordpress\/ -->\n<title>Le Zoom - Zoom<\/title>\n<meta name=\"robots\" content=\"index, follow, max-snippet:-1, max-image-preview:large, max-video-preview:-1\" \/>\n<link rel=\"canonical\" href=\"https:\/\/zoom-la-londe.fr\/index.php\/le-zoom\/\" \/>\n<meta property=\"og:locale\" content=\"en_US\" \/>\n<meta property=\"og:type\" content=\"article\" \/>\n<meta property=\"og:title\" content=\"Le Zoom - Zoom\" \/>\n<meta property=\"og:description\" content=\"Le Zoom Le Zoom 2024 est sorti. Vous \u00eates ici sur le nouveau site du Zoom pour lequel .nous avons favoris\u00e9 le cot\u00e9 pratique et la meilleure visibilit\u00e9 possible. Vous pouvez sur ce site, visionner la brochure dans son int\u00e9gralit\u00e9 ou la t\u00e9l\u00e9charger sur votre ordinateur ou votre t\u00e9l\u00e9phone portable. Nous sommes tr\u00e8s pr\u00e9sents sur [&hellip;]\" \/>\n<meta property=\"og:url\" content=\"https:\/\/zoom-la-londe.fr\/index.php\/le-zoom\/\" \/>\n<meta property=\"og:site_name\" content=\"Zoom\" \/>\n<meta property=\"article:modified_time\" content=\"2024-06-03T17:36:44+00:00\" \/>\n<meta property=\"og:image\" content=\"http:\/\/zoom-la-londe.fr\/wp-content\/uploads\/2023\/11\/2017_Chateau_Sainte_Marguerite_web2-scaled-e1699383725346-1024x259.jpg\" \/>\n<meta name=\"twitter:card\" content=\"summary_large_image\" \/>\n<meta name=\"twitter:label1\" content=\"Est. reading time\" \/>\n\t<meta name=\"twitter:data1\" content=\"1 minute\" \/>\n<script type=\"application\/ld+json\" class=\"yoast-schema-graph\">{\"@context\":\"https:\/\/schema.org\",\"@graph\":[{\"@type\":\"WebPage\",\"@id\":\"https:\/\/zoom-la-londe.fr\/index.php\/le-zoom\/\",\"url\":\"https:\/\/zoom-la-londe.fr\/index.php\/le-zoom\/\",\"name\":\"Le Zoom - Zoom\",\"isPartOf\":{\"@id\":\"https:\/\/zoom-la-londe.fr\/#website\"},\"primaryImageOfPage\":{\"@id\":\"https:\/\/zoom-la-londe.fr\/index.php\/le-zoom\/#primaryimage\"},\"image\":{\"@id\":\"https:\/\/zoom-la-londe.fr\/index.php\/le-zoom\/#primaryimage\"},\"thumbnailUrl\":\"http:\/\/zoom-la-londe.fr\/wp-content\/uploads\/2023\/11\/2017_Chateau_Sainte_Marguerite_web2-scaled-e1699383725346-1024x259.jpg\",\"datePublished\":\"2023-10-13T13:36:23+00:00\",\"dateModified\":\"2024-06-03T17:36:44+00:00\",\"breadcrumb\":{\"@id\":\"https:\/\/zoom-la-londe.fr\/index.php\/le-zoom\/#breadcrumb\"},\"inLanguage\":\"en-US\",\"potentialAction\":[{\"@type\":\"ReadAction\",\"target\":[\"https:\/\/zoom-la-londe.fr\/index.php\/le-zoom\/\"]}]},{\"@type\":\"ImageObject\",\"inLanguage\":\"en-US\",\"@id\":\"https:\/\/zoom-la-londe.fr\/index.php\/le-zoom\/#primaryimage\",\"url\":\"https:\/\/zoom-la-londe.fr\/wp-content\/uploads\/2023\/11\/2017_Chateau_Sainte_Marguerite_web2-scaled-e1699383725346.jpg\",\"contentUrl\":\"https:\/\/zoom-la-londe.fr\/wp-content\/uploads\/2023\/11\/2017_Chateau_Sainte_Marguerite_web2-scaled-e1699383725346.jpg\",\"width\":2560,\"height\":648},{\"@type\":\"BreadcrumbList\",\"@id\":\"https:\/\/zoom-la-londe.fr\/index.php\/le-zoom\/#breadcrumb\",\"itemListElement\":[{\"@type\":\"ListItem\",\"position\":1,\"name\":\"Accueil\",\"item\":\"https:\/\/zoom-la-londe.fr\/\"},{\"@type\":\"ListItem\",\"position\":2,\"name\":\"Le Zoom\"}]},{\"@type\":\"WebSite\",\"@id\":\"https:\/\/zoom-la-londe.fr\/#website\",\"url\":\"https:\/\/zoom-la-londe.fr\/\",\"name\":\"Zoom\",\"description\":\"Un site utilisant WordPress\",\"publisher\":{\"@id\":\"https:\/\/zoom-la-londe.fr\/#organization\"},\"potentialAction\":[{\"@type\":\"SearchAction\",\"target\":{\"@type\":\"EntryPoint\",\"urlTemplate\":\"https:\/\/zoom-la-londe.fr\/?s={search_term_string}\"},\"query-input\":{\"@type\":\"PropertyValueSpecification\",\"valueRequired\":true,\"valueName\":\"search_term_string\"}}],\"inLanguage\":\"en-US\"},{\"@type\":\"Organization\",\"@id\":\"https:\/\/zoom-la-londe.fr\/#organization\",\"name\":\"Zoom\",\"url\":\"https:\/\/zoom-la-londe.fr\/\",\"logo\":{\"@type\":\"ImageObject\",\"inLanguage\":\"en-US\",\"@id\":\"https:\/\/zoom-la-londe.fr\/#\/schema\/logo\/image\/\",\"url\":\"https:\/\/zoom-la-londe.fr\/wp-content\/uploads\/2023\/10\/ZOOMlogo.png\",\"contentUrl\":\"https:\/\/zoom-la-londe.fr\/wp-content\/uploads\/2023\/10\/ZOOMlogo.png\",\"width\":1540,\"height\":514,\"caption\":\"Zoom\"},\"image\":{\"@id\":\"https:\/\/zoom-la-londe.fr\/#\/schema\/logo\/image\/\"}}]}<\/script>\n<!-- \/ Yoast SEO plugin. -->","yoast_head_json":{"title":"Le Zoom - Zoom","robots":{"index":"index","follow":"follow","max-snippet":"max-snippet:-1","max-image-preview":"max-image-preview:large","max-video-preview":"max-video-preview:-1"},"canonical":"https:\/\/zoom-la-londe.fr\/index.php\/le-zoom\/","og_locale":"en_US","og_type":"article","og_title":"Le Zoom - Zoom","og_description":"Le Zoom Le Zoom 2024 est sorti. Vous \u00eates ici sur le nouveau site du Zoom pour lequel .nous avons favoris\u00e9 le cot\u00e9 pratique et la meilleure visibilit\u00e9 possible. Vous pouvez sur ce site, visionner la brochure dans son int\u00e9gralit\u00e9 ou la t\u00e9l\u00e9charger sur votre ordinateur ou votre t\u00e9l\u00e9phone portable. Nous sommes tr\u00e8s pr\u00e9sents sur [&hellip;]","og_url":"https:\/\/zoom-la-londe.fr\/index.php\/le-zoom\/","og_site_name":"Zoom","article_modified_time":"2024-06-03T17:36:44+00:00","og_image":[{"url":"http:\/\/zoom-la-londe.fr\/wp-content\/uploads\/2023\/11\/2017_Chateau_Sainte_Marguerite_web2-scaled-e1699383725346-1024x259.jpg","type":"","width":"","height":""}],"twitter_card":"summary_large_image","twitter_misc":{"Est. reading time":"1 minute"},"schema":{"@context":"https:\/\/schema.org","@graph":[{"@type":"WebPage","@id":"https:\/\/zoom-la-londe.fr\/index.php\/le-zoom\/","url":"https:\/\/zoom-la-londe.fr\/index.php\/le-zoom\/","name":"Le Zoom - Zoom","isPartOf":{"@id":"https:\/\/zoom-la-londe.fr\/#website"},"primaryImageOfPage":{"@id":"https:\/\/zoom-la-londe.fr\/index.php\/le-zoom\/#primaryimage"},"image":{"@id":"https:\/\/zoom-la-londe.fr\/index.php\/le-zoom\/#primaryimage"},"thumbnailUrl":"http:\/\/zoom-la-londe.fr\/wp-content\/uploads\/2023\/11\/2017_Chateau_Sainte_Marguerite_web2-scaled-e1699383725346-1024x259.jpg","datePublished":"2023-10-13T13:36:23+00:00","dateModified":"2024-06-03T17:36:44+00:00","breadcrumb":{"@id":"https:\/\/zoom-la-londe.fr\/index.php\/le-zoom\/#breadcrumb"},"inLanguage":"en-US","potentialAction":[{"@type":"ReadAction","target":["https:\/\/zoom-la-londe.fr\/index.php\/le-zoom\/"]}]},{"@type":"ImageObject","inLanguage":"en-US","@id":"https:\/\/zoom-la-londe.fr\/index.php\/le-zoom\/#primaryimage","url":"https:\/\/zoom-la-londe.fr\/wp-content\/uploads\/2023\/11\/2017_Chateau_Sainte_Marguerite_web2-scaled-e1699383725346.jpg","contentUrl":"https:\/\/zoom-la-londe.fr\/wp-content\/uploads\/2023\/11\/2017_Chateau_Sainte_Marguerite_web2-scaled-e1699383725346.jpg","width":2560,"height":648},{"@type":"BreadcrumbList","@id":"https:\/\/zoom-la-londe.fr\/index.php\/le-zoom\/#breadcrumb","itemListElement":[{"@type":"ListItem","position":1,"name":"Accueil","item":"https:\/\/zoom-la-londe.fr\/"},{"@type":"ListItem","position":2,"name":"Le Zoom"}]},{"@type":"WebSite","@id":"https:\/\/zoom-la-londe.fr\/#website","url":"https:\/\/zoom-la-londe.fr\/","name":"Zoom","description":"Un site utilisant WordPress","publisher":{"@id":"https:\/\/zoom-la-londe.fr\/#organization"},"potentialAction":[{"@type":"SearchAction","target":{"@type":"EntryPoint","urlTemplate":"https:\/\/zoom-la-londe.fr\/?s={search_term_string}"},"query-input":{"@type":"PropertyValueSpecification","valueRequired":true,"valueName":"search_term_string"}}],"inLanguage":"en-US"},{"@type":"Organization","@id":"https:\/\/zoom-la-londe.fr\/#organization","name":"Zoom","url":"https:\/\/zoom-la-londe.fr\/","logo":{"@type":"ImageObject","inLanguage":"en-US","@id":"https:\/\/zoom-la-londe.fr\/#\/schema\/logo\/image\/","url":"https:\/\/zoom-la-londe.fr\/wp-content\/uploads\/2023\/10\/ZOOMlogo.png","contentUrl":"https:\/\/zoom-la-londe.fr\/wp-content\/uploads\/2023\/10\/ZOOMlogo.png","width":1540,"height":514,"caption":"Zoom"},"image":{"@id":"https:\/\/zoom-la-londe.fr\/#\/schema\/logo\/image\/"}}]}},"_links":{"self":[{"href":"https:\/\/zoom-la-londe.fr\/index.php\/wp-json\/wp\/v2\/pages\/9","targetHints":{"allow":["GET"]}}],"collection":[{"href":"https:\/\/zoom-la-londe.fr\/index.php\/wp-json\/wp\/v2\/pages"}],"about":[{"href":"https:\/\/zoom-la-londe.fr\/index.php\/wp-json\/wp\/v2\/types\/page"}],"author":[{"embeddable":true,"href":"https:\/\/zoom-la-londe.fr\/index.php\/wp-json\/wp\/v2\/users\/1"}],"replies":[{"embeddable":true,"href":"https:\/\/zoom-la-londe.fr\/index.php\/wp-json\/wp\/v2\/comments?post=9"}],"version-history":[{"count":26,"href":"https:\/\/zoom-la-londe.fr\/index.php\/wp-json\/wp\/v2\/pages\/9\/revisions"}],"predecessor-version":[{"id":224,"href":"https:\/\/zoom-la-londe.fr\/index.php\/wp-json\/wp\/v2\/pages\/9\/revisions\/224"}],"wp:attachment":[{"href":"https:\/\/zoom-la-londe.fr\/index.php\/wp-json\/wp\/v2\/media?parent=9"}],"curies":[{"name":"wp","href":"https:\/\/api.w.org\/{rel}","templated":true}]}}