{"id":11,"date":"2023-10-13T15:36:46","date_gmt":"2023-10-13T13:36:46","guid":{"rendered":"http:\/\/zoom-la-londe.fr\/?page_id=11"},"modified":"2023-11-09T19:38:45","modified_gmt":"2023-11-09T18:38:45","slug":"nos-brochures","status":"publish","type":"page","link":"https:\/\/zoom-la-londe.fr\/index.php\/nos-brochures\/","title":{"rendered":"Nos Brochures"},"content":{"rendered":"\t\t<div data-elementor-type=\"wp-page\" data-elementor-id=\"11\" class=\"elementor elementor-11\" data-elementor-post-type=\"page\">\n\t\t\t\t<div class=\"elementor-element elementor-element-4749b15 e-con-full e-flex e-con e-parent\" data-id=\"4749b15\" data-element_type=\"container\" data-e-type=\"container\" data-settings=\"{&quot;background_background&quot;:&quot;classic&quot;}\">\n\t\t<div class=\"elementor-element elementor-element-350f108 e-con-full e-flex e-con e-child\" data-id=\"350f108\" data-element_type=\"container\" data-e-type=\"container\">\n\t\t\t\t<\/div>\n\t\t<div class=\"elementor-element elementor-element-3c95c45 e-con-full e-flex e-con e-child\" data-id=\"3c95c45\" data-element_type=\"container\" data-e-type=\"container\">\n\t\t\t\t<div class=\"elementor-element elementor-element-eb1f2f9 elementor-widget elementor-widget-heading\" data-id=\"eb1f2f9\" data-element_type=\"widget\" data-e-type=\"widget\" data-widget_type=\"heading.default\">\n\t\t\t\t\t<h1 class=\"elementor-heading-title elementor-size-default\">Vous souhaitez faire apparaitre<br>votre commerce dans le Zoom<br>l'ann\u00e9e prochaine ?<\/h1>\t\t\t\t<\/div>\n\t\t\t\t<\/div>\n\t\t<div class=\"elementor-element elementor-element-fa76d93 e-con-full e-flex e-con e-child\" data-id=\"fa76d93\" data-element_type=\"container\" data-e-type=\"container\">\n\t\t\t\t<\/div>\n\t\t\t\t<\/div>\n\t\t<div class=\"elementor-element elementor-element-d2f5b73 e-flex e-con-boxed e-con e-parent\" data-id=\"d2f5b73\" data-element_type=\"container\" data-e-type=\"container\" data-settings=\"{&quot;background_background&quot;:&quot;classic&quot;}\">\n\t\t\t\t\t<div class=\"e-con-inner\">\n\t\t<div class=\"elementor-element elementor-element-8dcdce3 e-con-full e-flex e-con e-child\" data-id=\"8dcdce3\" data-element_type=\"container\" data-e-type=\"container\">\n\t\t\t\t<div class=\"elementor-element elementor-element-6ca60b3 elementor-widget elementor-widget-heading\" data-id=\"6ca60b3\" data-element_type=\"widget\" data-e-type=\"widget\" data-widget_type=\"heading.default\">\n\t\t\t\t\t<h1 class=\"elementor-heading-title elementor-size-default\">Vous souhaitez faire apparaitre<br>votre commerce dans le Zoom<br>l'ann\u00e9e prochaine ?<\/h1>\t\t\t\t<\/div>\n\t\t\t\t<div class=\"elementor-element elementor-element-593865e elementor-widget-divider--view-line elementor-widget elementor-widget-divider\" data-id=\"593865e\" data-element_type=\"widget\" data-e-type=\"widget\" data-widget_type=\"divider.default\">\n\t\t\t\t\t\t\t<div class=\"elementor-divider\">\n\t\t\t<span class=\"elementor-divider-separator\">\n\t\t\t\t\t\t<\/span>\n\t\t<\/div>\n\t\t\t\t\t\t<\/div>\n\t\t\t\t<\/div>\n\t\t<div class=\"elementor-element elementor-element-0b54fab e-con-full e-flex e-con e-child\" data-id=\"0b54fab\" data-element_type=\"container\" data-e-type=\"container\">\n\t\t\t\t<div class=\"elementor-element elementor-element-a09d6b9 elementor-button-align-stretch elementor-widget elementor-widget-form\" data-id=\"a09d6b9\" data-element_type=\"widget\" data-e-type=\"widget\" data-settings=\"{&quot;step_next_label&quot;:&quot;Suivant&quot;,&quot;step_previous_label&quot;:&quot;Pr\\u00e9c\\u00e9dent&quot;,&quot;button_width&quot;:&quot;100&quot;,&quot;step_type&quot;:&quot;number_text&quot;,&quot;step_icon_shape&quot;:&quot;circle&quot;}\" data-widget_type=\"form.default\">\n\t\t\t\t\t\t\t<form class=\"elementor-form\" method=\"post\" name=\"Nouveau formulaire\">\n\t\t\t<input type=\"hidden\" name=\"post_id\" value=\"11\"\/>\n\t\t\t<input type=\"hidden\" name=\"form_id\" value=\"a09d6b9\"\/>\n\t\t\t<input type=\"hidden\" name=\"referer_title\" value=\"Zoom\" \/>\n\n\t\t\t\n\t\t\t<div class=\"elementor-form-fields-wrapper elementor-labels-above\">\n\t\t\t\t\t\t\t\t<div class=\"elementor-field-type-text elementor-field-group elementor-column elementor-field-group-name elementor-col-100\">\n\t\t\t\t\t\t\t\t\t\t\t\t\t<input size=\"1\" type=\"text\" name=\"form_fields[name]\" id=\"form-field-name\" class=\"elementor-field elementor-size-sm  elementor-field-textual\" placeholder=\"Nom\">\n\t\t\t\t\t\t\t\t\t\t\t<\/div>\n\t\t\t\t\t\t\t\t<div class=\"elementor-field-type-email elementor-field-group elementor-column elementor-field-group-email elementor-col-100 elementor-field-required\">\n\t\t\t\t\t\t\t\t\t\t\t\t\t<input size=\"1\" type=\"email\" name=\"form_fields[email]\" id=\"form-field-email\" class=\"elementor-field elementor-size-sm  elementor-field-textual\" placeholder=\"E-mail\" required=\"required\">\n\t\t\t\t\t\t\t\t\t\t\t<\/div>\n\t\t\t\t\t\t\t\t<div class=\"elementor-field-type-textarea elementor-field-group elementor-column elementor-field-group-message elementor-col-100\">\n\t\t\t\t\t<textarea class=\"elementor-field-textual elementor-field  elementor-size-sm\" name=\"form_fields[message]\" id=\"form-field-message\" rows=\"4\" placeholder=\"Information du votre commerce\"><\/textarea>\t\t\t\t<\/div>\n\t\t\t\t\t\t\t\t<div class=\"elementor-field-group elementor-column elementor-field-type-submit elementor-col-100 e-form__buttons\">\n\t\t\t\t\t<button class=\"elementor-button elementor-size-sm\" type=\"submit\">\n\t\t\t\t\t\t<span class=\"elementor-button-content-wrapper\">\n\t\t\t\t\t\t\t\t\t\t\t\t\t\t\t\t\t\t\t\t\t\t<span class=\"elementor-button-text\">Envoyer<\/span>\n\t\t\t\t\t\t\t\t\t\t\t\t\t<\/span>\n\t\t\t\t\t<\/button>\n\t\t\t\t<\/div>\n\t\t\t<\/div>\n\t\t<\/form>\n\t\t\t\t\t\t<\/div>\n\t\t\t\t<\/div>\n\t\t\t\t\t<\/div>\n\t\t\t\t<\/div>\n\t\t<div class=\"elementor-element elementor-element-7ebb0d0 e-flex e-con-boxed e-con e-parent\" data-id=\"7ebb0d0\" data-element_type=\"container\" data-e-type=\"container\" data-settings=\"{&quot;background_background&quot;:&quot;classic&quot;}\">\n\t\t\t\t\t<div class=\"e-con-inner\">\n\t\t\t\t<div class=\"elementor-element elementor-element-923dc1d elementor-widget elementor-widget-heading\" data-id=\"923dc1d\" data-element_type=\"widget\" data-e-type=\"widget\" data-widget_type=\"heading.default\">\n\t\t\t\t\t<h3 class=\"elementor-heading-title elementor-size-default\">Je m'inscrit \u00e0 la newsletter pour recevoir notre brochure<\/h3>\t\t\t\t<\/div>\n\t\t\t\t<div class=\"elementor-element elementor-element-e53d204 elementor-button-align-stretch elementor-widget elementor-widget-form\" data-id=\"e53d204\" data-element_type=\"widget\" data-e-type=\"widget\" data-settings=\"{&quot;step_next_label&quot;:&quot;Suivant&quot;,&quot;step_previous_label&quot;:&quot;Pr\\u00e9c\\u00e9dent&quot;,&quot;button_width&quot;:&quot;100&quot;,&quot;step_type&quot;:&quot;number_text&quot;,&quot;step_icon_shape&quot;:&quot;circle&quot;}\" data-widget_type=\"form.default\">\n\t\t\t\t\t\t\t<form class=\"elementor-form\" method=\"post\" name=\"Nouveau formulaire\">\n\t\t\t<input type=\"hidden\" name=\"post_id\" value=\"11\"\/>\n\t\t\t<input type=\"hidden\" name=\"form_id\" value=\"e53d204\"\/>\n\t\t\t<input type=\"hidden\" name=\"referer_title\" value=\"Zoom\" \/>\n\n\t\t\t\n\t\t\t<div class=\"elementor-form-fields-wrapper elementor-labels-above\">\n\t\t\t\t\t\t\t\t<div class=\"elementor-field-type-email elementor-field-group elementor-column elementor-field-group-email elementor-col-100 elementor-field-required\">\n\t\t\t\t\t\t\t\t\t\t\t\t\t<input size=\"1\" type=\"email\" name=\"form_fields[email]\" id=\"form-field-email\" class=\"elementor-field elementor-size-sm  elementor-field-textual\" placeholder=\"E-mail\" required=\"required\">\n\t\t\t\t\t\t\t\t\t\t\t<\/div>\n\t\t\t\t\t\t\t\t<div class=\"elementor-field-group elementor-column elementor-field-type-submit elementor-col-100 e-form__buttons\">\n\t\t\t\t\t<button class=\"elementor-button elementor-size-sm\" type=\"submit\">\n\t\t\t\t\t\t<span class=\"elementor-button-content-wrapper\">\n\t\t\t\t\t\t\t\t\t\t\t\t\t\t\t\t\t\t\t\t\t\t<span class=\"elementor-button-text\">Envoyer<\/span>\n\t\t\t\t\t\t\t\t\t\t\t\t\t<\/span>\n\t\t\t\t\t<\/button>\n\t\t\t\t<\/div>\n\t\t\t<\/div>\n\t\t<\/form>\n\t\t\t\t\t\t<\/div>\n\t\t\t\t\t<\/div>\n\t\t\t\t<\/div>\n\t\t\t\t<\/div>\n\t\t","protected":false},"excerpt":{"rendered":"<p>Vous souhaitez faire apparaitrevotre commerce dans le Zooml&#8217;ann\u00e9e prochaine ? Vous souhaitez faire apparaitrevotre commerce dans le Zooml&#8217;ann\u00e9e prochaine ? Je m&#8217;inscrit \u00e0 la newsletter pour recevoir notre brochure<\/p>\n","protected":false},"author":1,"featured_media":0,"parent":0,"menu_order":0,"comment_status":"closed","ping_status":"closed","template":"","meta":{"footnotes":""},"class_list":["post-11","page","type-page","status-publish","hentry"],"yoast_head":"<!-- This site is optimized with the Yoast SEO plugin v27.2 - https:\/\/yoast.com\/product\/yoast-seo-wordpress\/ -->\n<title>Nos Brochures - Zoom<\/title>\n<meta name=\"robots\" content=\"index, follow, max-snippet:-1, max-image-preview:large, max-video-preview:-1\" \/>\n<link rel=\"canonical\" href=\"https:\/\/zoom-la-londe.fr\/index.php\/nos-brochures\/\" \/>\n<meta property=\"og:locale\" content=\"en_US\" \/>\n<meta property=\"og:type\" content=\"article\" \/>\n<meta property=\"og:title\" content=\"Nos Brochures - Zoom\" \/>\n<meta property=\"og:description\" content=\"Vous souhaitez faire apparaitrevotre commerce dans le Zooml&#8217;ann\u00e9e prochaine ? Vous souhaitez faire apparaitrevotre commerce dans le Zooml&#8217;ann\u00e9e prochaine ? Je m&#8217;inscrit \u00e0 la newsletter pour recevoir notre brochure\" \/>\n<meta property=\"og:url\" content=\"https:\/\/zoom-la-londe.fr\/index.php\/nos-brochures\/\" \/>\n<meta property=\"og:site_name\" content=\"Zoom\" \/>\n<meta property=\"article:modified_time\" content=\"2023-11-09T18:38:45+00:00\" \/>\n<meta name=\"twitter:card\" content=\"summary_large_image\" \/>\n<script type=\"application\/ld+json\" class=\"yoast-schema-graph\">{\"@context\":\"https:\/\/schema.org\",\"@graph\":[{\"@type\":\"WebPage\",\"@id\":\"https:\/\/zoom-la-londe.fr\/index.php\/nos-brochures\/\",\"url\":\"https:\/\/zoom-la-londe.fr\/index.php\/nos-brochures\/\",\"name\":\"Nos Brochures - Zoom\",\"isPartOf\":{\"@id\":\"https:\/\/zoom-la-londe.fr\/#website\"},\"datePublished\":\"2023-10-13T13:36:46+00:00\",\"dateModified\":\"2023-11-09T18:38:45+00:00\",\"breadcrumb\":{\"@id\":\"https:\/\/zoom-la-londe.fr\/index.php\/nos-brochures\/#breadcrumb\"},\"inLanguage\":\"en-US\",\"potentialAction\":[{\"@type\":\"ReadAction\",\"target\":[\"https:\/\/zoom-la-londe.fr\/index.php\/nos-brochures\/\"]}]},{\"@type\":\"BreadcrumbList\",\"@id\":\"https:\/\/zoom-la-londe.fr\/index.php\/nos-brochures\/#breadcrumb\",\"itemListElement\":[{\"@type\":\"ListItem\",\"position\":1,\"name\":\"Accueil\",\"item\":\"https:\/\/zoom-la-londe.fr\/\"},{\"@type\":\"ListItem\",\"position\":2,\"name\":\"Nos Brochures\"}]},{\"@type\":\"WebSite\",\"@id\":\"https:\/\/zoom-la-londe.fr\/#website\",\"url\":\"https:\/\/zoom-la-londe.fr\/\",\"name\":\"Zoom\",\"description\":\"Un site utilisant WordPress\",\"publisher\":{\"@id\":\"https:\/\/zoom-la-londe.fr\/#organization\"},\"potentialAction\":[{\"@type\":\"SearchAction\",\"target\":{\"@type\":\"EntryPoint\",\"urlTemplate\":\"https:\/\/zoom-la-londe.fr\/?s={search_term_string}\"},\"query-input\":{\"@type\":\"PropertyValueSpecification\",\"valueRequired\":true,\"valueName\":\"search_term_string\"}}],\"inLanguage\":\"en-US\"},{\"@type\":\"Organization\",\"@id\":\"https:\/\/zoom-la-londe.fr\/#organization\",\"name\":\"Zoom\",\"url\":\"https:\/\/zoom-la-londe.fr\/\",\"logo\":{\"@type\":\"ImageObject\",\"inLanguage\":\"en-US\",\"@id\":\"https:\/\/zoom-la-londe.fr\/#\/schema\/logo\/image\/\",\"url\":\"https:\/\/zoom-la-londe.fr\/wp-content\/uploads\/2023\/10\/ZOOMlogo.png\",\"contentUrl\":\"https:\/\/zoom-la-londe.fr\/wp-content\/uploads\/2023\/10\/ZOOMlogo.png\",\"width\":1540,\"height\":514,\"caption\":\"Zoom\"},\"image\":{\"@id\":\"https:\/\/zoom-la-londe.fr\/#\/schema\/logo\/image\/\"}}]}<\/script>\n<!-- \/ Yoast SEO plugin. -->","yoast_head_json":{"title":"Nos Brochures - Zoom","robots":{"index":"index","follow":"follow","max-snippet":"max-snippet:-1","max-image-preview":"max-image-preview:large","max-video-preview":"max-video-preview:-1"},"canonical":"https:\/\/zoom-la-londe.fr\/index.php\/nos-brochures\/","og_locale":"en_US","og_type":"article","og_title":"Nos Brochures - Zoom","og_description":"Vous souhaitez faire apparaitrevotre commerce dans le Zooml&#8217;ann\u00e9e prochaine ? Vous souhaitez faire apparaitrevotre commerce dans le Zooml&#8217;ann\u00e9e prochaine ? Je m&#8217;inscrit \u00e0 la newsletter pour recevoir notre brochure","og_url":"https:\/\/zoom-la-londe.fr\/index.php\/nos-brochures\/","og_site_name":"Zoom","article_modified_time":"2023-11-09T18:38:45+00:00","twitter_card":"summary_large_image","schema":{"@context":"https:\/\/schema.org","@graph":[{"@type":"WebPage","@id":"https:\/\/zoom-la-londe.fr\/index.php\/nos-brochures\/","url":"https:\/\/zoom-la-londe.fr\/index.php\/nos-brochures\/","name":"Nos Brochures - Zoom","isPartOf":{"@id":"https:\/\/zoom-la-londe.fr\/#website"},"datePublished":"2023-10-13T13:36:46+00:00","dateModified":"2023-11-09T18:38:45+00:00","breadcrumb":{"@id":"https:\/\/zoom-la-londe.fr\/index.php\/nos-brochures\/#breadcrumb"},"inLanguage":"en-US","potentialAction":[{"@type":"ReadAction","target":["https:\/\/zoom-la-londe.fr\/index.php\/nos-brochures\/"]}]},{"@type":"BreadcrumbList","@id":"https:\/\/zoom-la-londe.fr\/index.php\/nos-brochures\/#breadcrumb","itemListElement":[{"@type":"ListItem","position":1,"name":"Accueil","item":"https:\/\/zoom-la-londe.fr\/"},{"@type":"ListItem","position":2,"name":"Nos Brochures"}]},{"@type":"WebSite","@id":"https:\/\/zoom-la-londe.fr\/#website","url":"https:\/\/zoom-la-londe.fr\/","name":"Zoom","description":"Un site utilisant WordPress","publisher":{"@id":"https:\/\/zoom-la-londe.fr\/#organization"},"potentialAction":[{"@type":"SearchAction","target":{"@type":"EntryPoint","urlTemplate":"https:\/\/zoom-la-londe.fr\/?s={search_term_string}"},"query-input":{"@type":"PropertyValueSpecification","valueRequired":true,"valueName":"search_term_string"}}],"inLanguage":"en-US"},{"@type":"Organization","@id":"https:\/\/zoom-la-londe.fr\/#organization","name":"Zoom","url":"https:\/\/zoom-la-londe.fr\/","logo":{"@type":"ImageObject","inLanguage":"en-US","@id":"https:\/\/zoom-la-londe.fr\/#\/schema\/logo\/image\/","url":"https:\/\/zoom-la-londe.fr\/wp-content\/uploads\/2023\/10\/ZOOMlogo.png","contentUrl":"https:\/\/zoom-la-londe.fr\/wp-content\/uploads\/2023\/10\/ZOOMlogo.png","width":1540,"height":514,"caption":"Zoom"},"image":{"@id":"https:\/\/zoom-la-londe.fr\/#\/schema\/logo\/image\/"}}]}},"_links":{"self":[{"href":"https:\/\/zoom-la-londe.fr\/index.php\/wp-json\/wp\/v2\/pages\/11","targetHints":{"allow":["GET"]}}],"collection":[{"href":"https:\/\/zoom-la-londe.fr\/index.php\/wp-json\/wp\/v2\/pages"}],"about":[{"href":"https:\/\/zoom-la-londe.fr\/index.php\/wp-json\/wp\/v2\/types\/page"}],"author":[{"embeddable":true,"href":"https:\/\/zoom-la-londe.fr\/index.php\/wp-json\/wp\/v2\/users\/1"}],"replies":[{"embeddable":true,"href":"https:\/\/zoom-la-londe.fr\/index.php\/wp-json\/wp\/v2\/comments?post=11"}],"version-history":[{"count":9,"href":"https:\/\/zoom-la-londe.fr\/index.php\/wp-json\/wp\/v2\/pages\/11\/revisions"}],"predecessor-version":[{"id":94,"href":"https:\/\/zoom-la-londe.fr\/index.php\/wp-json\/wp\/v2\/pages\/11\/revisions\/94"}],"wp:attachment":[{"href":"https:\/\/zoom-la-londe.fr\/index.php\/wp-json\/wp\/v2\/media?parent=11"}],"curies":[{"name":"wp","href":"https:\/\/api.w.org\/{rel}","templated":true}]}}